{"id":1333,"date":"2021-12-18T15:28:15","date_gmt":"2021-12-18T14:28:15","guid":{"rendered":"https:\/\/energynat.trade\/polityka-prywatnosci\/"},"modified":"2022-06-22T00:00:24","modified_gmt":"2022-06-21T22:00:24","slug":"privacy-policy","status":"publish","type":"page","link":"https:\/\/energynat.trade\/en\/privacy-policy\/","title":{"rendered":"Privacy Policy"},"content":{"rendered":"\n<p>Klauzula Informacyjna RODO&nbsp;&nbsp;&nbsp;&nbsp;&nbsp;<\/p>\n\n\n\n<p>Zgodnie z art. 13 ust. 1 i 2 rozporz\u0105dzenia Parlamentu Europejskiego i Rady (UE) 2016\/679 z dnia 27 kwietnia 2016 r. w sprawie ochrony os\u00f3b fizycznych w zwi\u0105zku z przetwarzaniem danych osobowych i w sprawie swobodnego przep\u0142ywu takich danych oraz uchylenia dyrektywy 96\/46\/WE (og\u00f3lne rozporz\u0105dzenie o ochronie danych osobowych \u2013 RODO; Dz. Urz. UE L 119 z 04.05.2016, str. 1, ze zm.) informujemy, \u017ce:<\/p>\n\n\n\n<p>&nbsp;&nbsp;&nbsp;1. Administratorem danych osobowych jest Energynat sp. z o.o., ul. Tadeusza Ko\u015bciuszki 40a, 05-260 Marki, NIP 6443472876, REGON 241777615 wpisana do Krajowego Rejestru S\u0105dowego prowadzonego przez S\u0105d Rejonowy dla miasta sto\u0142ecznego Warszawy, XIV Wydzia\u0142 Gospodarczy Krajowego Rejestru S\u0105dowego pod numerem KRS 0000369683. Kapita\u0142 zak\u0142adowy: 100.000,00 z\u0142 w pe\u0142ni wp\u0142acony, tel. +48 662050035, email: js@energynat.pl (dalej: Administrator).<\/p>\n\n\n\n<p>&nbsp;&nbsp;&nbsp;2. We wszystkich sprawach zwi\u0105zanych z przetwarzaniem danych osobowych, realizacj\u0105 praw przys\u0142uguj\u0105cych na mocy RODO oraz w celu uzyskania szczeg\u00f3\u0142owych informacji dotycz\u0105cych przetwarzania danych osobowych prosimy kontaktowa\u0107 si\u0119 z wyznaczonym Inspektorem Ochrony Danych (IOD), poczt\u0105 tradycyjn\u0105 na wskazany w poprzednim punkcie adres korespondencyjny lub poczt\u0105 elektroniczn\u0105 na adres email: kontakt@idpo.pl. Funkcj\u0119 IOD pe\u0142ni Justyna St\u0119pie\u0144.<\/p>\n\n\n\n<p>&nbsp;&nbsp;&nbsp;3. Dane osobowe przetwarzane b\u0119d\u0105 w celu:<\/p>\n\n\n\n<p>&nbsp;&nbsp;&nbsp;a) umo\u017cliwienia w\u0142a\u015bciwego funkcjonowania stron internetowych Administratora oraz kont na portalach spo\u0142eczno\u015bciowych;<br>b) udzielenia odpowiedzi na przes\u0142ane formularzem pytanie, zg\u0142oszenie, pro\u015bb\u0119 o kontakt;<br>c) przygotowania, zawarcia i wykonania umowy;<br>d) prowadzenia dzia\u0142a\u0144 marketingowych.<\/p>\n\n\n\n<p>&nbsp;&nbsp;&nbsp;4. Podstaw\u0105 prawn\u0105 przetwarzania danych jest zgoda na przetwarzanie danych, w okre\u015blonych przypadkach, podstaw\u0105 przetwarzania mo\u017ce by\u0107 r\u00f3wnie\u017c dzia\u0142anie na \u017c\u0105danie osoby przed zawarciem umowy, kt\u00f3rej stron\u0105 jest osoba, kt\u00f3rej dane dotycz\u0105, a tak\u017ce prawnie uzasadniony interes realizowany przez Administratora (wspomniany marketing bezpo\u015bredni).<\/p>\n\n\n\n<p>&nbsp;&nbsp;&nbsp;5. Odbiorcami danych osobowych b\u0119d\u0105 osoby lub podmioty, kt\u00f3re przetwarzaj\u0105 dane osobowe w imieniu i na polecenie Administratora. Dane mog\u0105 r\u00f3wnie\u017c zosta\u0107 udost\u0119pnione podmiotom uprawnionym na mocy przepisu prawa.<\/p>\n\n\n\n<p>&nbsp;&nbsp;&nbsp;6. Dane osobowe b\u0119d\u0105 przetwarzane do czasu osi\u0105gni\u0119cia celu, o kt\u00f3rym mowa w punkcie 3, a nast\u0119pnie przechowywane zgodnie z obowi\u0105zuj\u0105cymi przepisami prawa. Dane osobowe przetwarzane na podstawie zgody przetwarzane b\u0119d\u0105 do czasu jej cofni\u0119cia.<\/p>\n\n\n\n<p>&nbsp;&nbsp;&nbsp;7. Podanie danych osobowych jest dobrowolne, mo\u017ce by\u0107 warunkiem zawarcia umowy lub wynika\u0107 z przepisu prawa. Odmowa ich podania uniemo\u017cliwi w\u0142a\u015bciwe korzystanie ze stron Administratora, a tak\u017ce zawarcie umowy.<\/p>\n\n\n\n<p>&nbsp;&nbsp;&nbsp;8. Osoba, kt\u00f3rej dane dotycz\u0105 posiada nast\u0119puj\u0105ce prawa wynikaj\u0105ce z przepis\u00f3w RODO:&nbsp;&nbsp;&nbsp;a) prawo dost\u0119pu do danych osobowych; b) prawo do sprostowania lub uzupe\u0142nienia danych osobowych; c) prawo do usuni\u0119cia danych; d) prawo ograniczenia przetwarzania danych osobowych; e) prawo do sprzeciwu wobec przetwarzania; f) prawo do wniesienia skargi do Prezesa Urz\u0119du Ochrony Danych Osobowych w trybie i na zasadach opisanych na stronie Urz\u0119du pod adresem: https:\/\/uodo.gov.pl\/pl\/83\/155; g) prawo cofni\u0119cia zgody w dowolnym momencie bez wp\u0142ywu na zgodno\u015b\u0107 z prawem przetwarzania, kt\u00f3rego dokonano na podstawie zgody przed jej cofni\u0119ciem; h) prawo, by nie podlega\u0107 profilowaniu; i) prawo do przenoszenia danych.<\/p>\n\n\n\n<p>&nbsp;&nbsp;&nbsp;9. Dane osobowe nie b\u0119d\u0105 s\u0142u\u017cy\u0107 do zautomatyzowanego podejmowania decyzji, natomiast b\u0119d\u0105 profilowane w celach analitycznych oraz statystycznych, co nie wywo\u0142uje wobec osoby, kt\u00f3rej dane dotycz\u0105 skutk\u00f3w prawnych, ani w podobny spos\u00f3b istotnie na ni\u0105 nie wp\u0142ywa.<\/p>\n\n\n\n<h2 class=\"wp-block-heading\">Polityka Cookies<\/h2>\n\n\n\n<p>Polityka plik\u00f3w &#8220;cookies\u201d w serwisie energynat.trade<\/p>\n\n\n\n<p>Energynat sp. z o.o., ul. Tadeusza Ko\u015bciuszki 40a, 05-260 Marki, NIP 6443472876, REGON 241777615 wpisana do Krajowego Rejestru S\u0105dowego prowadzonego przez S\u0105d Rejonowy dla miasta sto\u0142ecznego Warszawy, XIV Wydzia\u0142 Gospodarczy Krajowego Rejestru S\u0105dowego pod numerem KRS 0000369683. Kapita\u0142 zak\u0142adowy: 100 000,00 z\u0142 w pe\u0142ni wp\u0142acony (dalej Energynat) informuje, i\u017c w celu zapewnienia prawid\u0142owego dost\u0119pu do serwisu energynat.trade na komputerze osoby z niego korzystaj\u0105cej zapisywane s\u0105 kr\u00f3tkie pliki tekstowe (zwane dalej &#8220;cookies\u201d).<\/p>\n\n\n\n<p>Pliki cookies wykorzystywane s\u0105 w nast\u0119puj\u0105cych celach:<\/p>\n\n\n\n<p>1. tworzenia statystyk, kt\u00f3re pomagaj\u0105 zrozumie\u0107, w jaki spos\u00f3b U\u017cytkownicy serwisu korzystaj\u0105 ze stron internetowych, co umo\u017cliwia ulepszanie ich struktury i zawarto\u015bci;<br><br>2. utrzymanie sesji U\u017cytkownika serwisu (po zalogowaniu), dzi\u0119ki kt\u00f3rej U\u017cytkownik nie musi na ka\u017cdej podstronie Serwisu ponownie wpisywa\u0107 loginu i has\u0142a;<br><br>3. okre\u015blania profilu u\u017cytkownika w celu wy\u015bwietlania mu dopasowanych materia\u0142\u00f3w w sieciach reklamowych, w szczeg\u00f3lno\u015bci sieci Google.&nbsp;<br><br>W ramach serwisu stosowane s\u0105 dwa zasadnicze rodzaje plik\u00f3w cookies: \u201esesyjne\u201d (session cookies) oraz \u201esta\u0142e\u201d (persistent cookies). Cookies \u201esesyjne\u201d s\u0105 plikami tymczasowymi, kt\u00f3re przechowywane s\u0105 w urz\u0105dzeniu ko\u0144cowym U\u017cytkownika do czasu wylogowania, opuszczenia strony internetowej lub wy\u0142\u0105czenia oprogramowania (przegl\u0105darki internetowej). \u201eSta\u0142e\u201d pliki cookies przechowywane s\u0105 w urz\u0105dzeniu ko\u0144cowym U\u017cytkownika przez czas okre\u015blony w parametrach plik\u00f3w cookies lub do czasu ich usuni\u0119cia przez U\u017cytkownika.<br><br>Ustawienia wi\u0119kszo\u015bci przegl\u0105darek internetowych umo\u017cliwiaj\u0105 automatyczn\u0105 akceptacj\u0119 plik\u00f3w cookies. Mo\u017cecie Pa\u0144stwo jednak zablokowa\u0107 trwa\u0142e zapisywanie plik\u00f3w cookies lub wprowadzi\u0107 takie ustawienia w Pa\u0144stwa przegl\u0105darce, by informowa\u0142a Pa\u0144stwa o ka\u017cdorazowym umieszczeniu cookies w Pa\u0144stwa urz\u0105dzeniu. Zaznaczamy, \u017ce w przypadku ca\u0142kowitego wy\u0142\u0105czenia cookies nie wszystkie funkcje tej strony internetowej b\u0105d\u017a innych stron, kt\u00f3re Pa\u0144stwo odwiedzacie, b\u0119d\u0105 dzia\u0142a\u0107 prawid\u0142owo.<br><br>Zalecamy przeczytanie polityki ochrony prywatno\u015bci tych firm, aby pozna\u0107 zasady korzystania z plik\u00f3w cookies wykorzystywanych w statystykach: Polityka ochrony prywatno\u015bci Google Analytics.<br><br>Informujemy, i\u017c pliki cookies mog\u0105 by\u0107 wykorzystane przez sieci reklamowe, w szczeg\u00f3lno\u015bci sie\u0107 Google, do wy\u015bwietlenia reklam dopasowanych do sposobu, w jaki u\u017cytkownik korzysta z Serwisu. W tym celu mog\u0105 zachowa\u0107 informacj\u0119 o \u015bcie\u017cce nawigacji u\u017cytkownika lub czasie pozostawania na danej stronie.<br><br>&nbsp;W zakresie informacji o preferencjach u\u017cytkownika gromadzonych przez sie\u0107 reklamow\u0105 Google u\u017cytkownik mo\u017ce przegl\u0105da\u0107 i edytowa\u0107 informacje wynikaj\u0105ce z plik\u00f3w cookies przy pomocy narz\u0119dzia: www.google.com\/ads\/preferences\/<\/p>\n","protected":false},"excerpt":{"rendered":"<p>Klauzula Informacyjna RODO&nbsp;&nbsp;&nbsp;&nbsp;&nbsp; Zgodnie z art. 13 ust. 1 i 2 rozporz\u0105dzenia Parlamentu Europejskiego i Rady (UE) 2016\/679 z dnia 27 kwietnia 2016 r. w sprawie ochrony os\u00f3b fizycznych w zwi\u0105zku z przetwarzaniem danych osobowych i w sprawie swobodnego przep\u0142ywu takich danych oraz uchylenia dyrektywy 96\/46\/WE (og\u00f3lne rozporz\u0105dzenie o ochronie danych osobowych \u2013 RODO; Dz. [&hellip;]<\/p>\n","protected":false},"author":1,"featured_media":0,"parent":0,"menu_order":0,"comment_status":"closed","ping_status":"closed","template":"","meta":{"inline_featured_image":false,"footnotes":"","_links_to":"","_links_to_target":""},"class_list":["post-1333","page","type-page","status-publish","hentry"],"yoast_head":"<!-- This site is optimized with the Yoast SEO plugin v26.8 - https:\/\/yoast.com\/product\/yoast-seo-wordpress\/ -->\n<title>Privacy Policy - Energynat Trade<\/title>\n<meta name=\"robots\" content=\"index, follow, max-snippet:-1, max-image-preview:large, max-video-preview:-1\" \/>\n<link rel=\"canonical\" href=\"https:\/\/energynat.trade\/polityka-prywatnosci\/\" \/>\n<meta property=\"og:locale\" content=\"en_US\" \/>\n<meta property=\"og:type\" content=\"article\" \/>\n<meta property=\"og:title\" content=\"Privacy Policy - Energynat Trade\" \/>\n<meta property=\"og:description\" content=\"Klauzula Informacyjna RODO&nbsp;&nbsp;&nbsp;&nbsp;&nbsp; Zgodnie z art. 13 ust. 1 i 2 rozporz\u0105dzenia Parlamentu Europejskiego i Rady (UE) 2016\/679 z dnia 27 kwietnia 2016 r. w sprawie ochrony os\u00f3b fizycznych w zwi\u0105zku z przetwarzaniem danych osobowych i w sprawie swobodnego przep\u0142ywu takich danych oraz uchylenia dyrektywy 96\/46\/WE (og\u00f3lne rozporz\u0105dzenie o ochronie danych osobowych \u2013 RODO; Dz. [&hellip;]\" \/>\n<meta property=\"og:url\" content=\"https:\/\/energynat.trade\/polityka-prywatnosci\/\" \/>\n<meta property=\"og:site_name\" content=\"Energynat Trade\" \/>\n<meta property=\"article:modified_time\" content=\"2022-06-21T22:00:24+00:00\" \/>\n<meta name=\"twitter:card\" content=\"summary_large_image\" \/>\n<meta name=\"twitter:label1\" content=\"Est. reading time\" \/>\n\t<meta name=\"twitter:data1\" content=\"5 minutes\" \/>\n<script type=\"application\/ld+json\" class=\"yoast-schema-graph\">{\"@context\":\"https:\/\/schema.org\",\"@graph\":[{\"@type\":\"WebPage\",\"@id\":\"https:\/\/energynat.trade\/polityka-prywatnosci\/\",\"url\":\"https:\/\/energynat.trade\/polityka-prywatnosci\/\",\"name\":\"Privacy Policy - Energynat Trade\",\"isPartOf\":{\"@id\":\"https:\/\/energynat.trade\/#website\"},\"datePublished\":\"2021-12-18T14:28:15+00:00\",\"dateModified\":\"2022-06-21T22:00:24+00:00\",\"breadcrumb\":{\"@id\":\"https:\/\/energynat.trade\/polityka-prywatnosci\/#breadcrumb\"},\"inLanguage\":\"en-US\",\"potentialAction\":[{\"@type\":\"ReadAction\",\"target\":[\"https:\/\/energynat.trade\/polityka-prywatnosci\/\"]}]},{\"@type\":\"BreadcrumbList\",\"@id\":\"https:\/\/energynat.trade\/polityka-prywatnosci\/#breadcrumb\",\"itemListElement\":[{\"@type\":\"ListItem\",\"position\":1,\"name\":\"Home\",\"item\":\"https:\/\/energynat.trade\/\"},{\"@type\":\"ListItem\",\"position\":2,\"name\":\"Privacy Policy\"}]},{\"@type\":\"WebSite\",\"@id\":\"https:\/\/energynat.trade\/#website\",\"url\":\"https:\/\/energynat.trade\/\",\"name\":\"Energynat Trade\",\"description\":\"Import i Dystrybucja komponent\u00f3w fotowoltaicznych\",\"potentialAction\":[{\"@type\":\"SearchAction\",\"target\":{\"@type\":\"EntryPoint\",\"urlTemplate\":\"https:\/\/energynat.trade\/?s={search_term_string}\"},\"query-input\":{\"@type\":\"PropertyValueSpecification\",\"valueRequired\":true,\"valueName\":\"search_term_string\"}}],\"inLanguage\":\"en-US\"}]}<\/script>\n<!-- \/ Yoast SEO plugin. -->","yoast_head_json":{"title":"Privacy Policy - Energynat Trade","robots":{"index":"index","follow":"follow","max-snippet":"max-snippet:-1","max-image-preview":"max-image-preview:large","max-video-preview":"max-video-preview:-1"},"canonical":"https:\/\/energynat.trade\/polityka-prywatnosci\/","og_locale":"en_US","og_type":"article","og_title":"Privacy Policy - Energynat Trade","og_description":"Klauzula Informacyjna RODO&nbsp;&nbsp;&nbsp;&nbsp;&nbsp; Zgodnie z art. 13 ust. 1 i 2 rozporz\u0105dzenia Parlamentu Europejskiego i Rady (UE) 2016\/679 z dnia 27 kwietnia 2016 r. w sprawie ochrony os\u00f3b fizycznych w zwi\u0105zku z przetwarzaniem danych osobowych i w sprawie swobodnego przep\u0142ywu takich danych oraz uchylenia dyrektywy 96\/46\/WE (og\u00f3lne rozporz\u0105dzenie o ochronie danych osobowych \u2013 RODO; Dz. [&hellip;]","og_url":"https:\/\/energynat.trade\/polityka-prywatnosci\/","og_site_name":"Energynat Trade","article_modified_time":"2022-06-21T22:00:24+00:00","twitter_card":"summary_large_image","twitter_misc":{"Est. reading time":"5 minutes"},"schema":{"@context":"https:\/\/schema.org","@graph":[{"@type":"WebPage","@id":"https:\/\/energynat.trade\/polityka-prywatnosci\/","url":"https:\/\/energynat.trade\/polityka-prywatnosci\/","name":"Privacy Policy - Energynat Trade","isPartOf":{"@id":"https:\/\/energynat.trade\/#website"},"datePublished":"2021-12-18T14:28:15+00:00","dateModified":"2022-06-21T22:00:24+00:00","breadcrumb":{"@id":"https:\/\/energynat.trade\/polityka-prywatnosci\/#breadcrumb"},"inLanguage":"en-US","potentialAction":[{"@type":"ReadAction","target":["https:\/\/energynat.trade\/polityka-prywatnosci\/"]}]},{"@type":"BreadcrumbList","@id":"https:\/\/energynat.trade\/polityka-prywatnosci\/#breadcrumb","itemListElement":[{"@type":"ListItem","position":1,"name":"Home","item":"https:\/\/energynat.trade\/"},{"@type":"ListItem","position":2,"name":"Privacy Policy"}]},{"@type":"WebSite","@id":"https:\/\/energynat.trade\/#website","url":"https:\/\/energynat.trade\/","name":"Energynat Trade","description":"Import i Dystrybucja komponent\u00f3w fotowoltaicznych","potentialAction":[{"@type":"SearchAction","target":{"@type":"EntryPoint","urlTemplate":"https:\/\/energynat.trade\/?s={search_term_string}"},"query-input":{"@type":"PropertyValueSpecification","valueRequired":true,"valueName":"search_term_string"}}],"inLanguage":"en-US"}]}},"uagb_featured_image_src":{"full":false,"thumbnail":false,"medium":false,"medium_large":false,"large":false,"1536x1536":false,"2048x2048":false,"post-thumbnail":false,"page-hero":false,"page-hero-lower":false,"page-hero-medium":false,"artykul":false,"artykul-low":false,"pr-logotyp":false,"promo-img":false},"uagb_author_info":{"display_name":"enadmin","author_link":"https:\/\/energynat.trade\/en\/author\/enadmin\/"},"uagb_comment_info":0,"uagb_excerpt":"Klauzula Informacyjna RODO&nbsp;&nbsp;&nbsp;&nbsp;&nbsp; Zgodnie z art. 13 ust. 1 i 2 rozporz\u0105dzenia Parlamentu Europejskiego i Rady (UE) 2016\/679 z dnia 27 kwietnia 2016 r. w sprawie ochrony os\u00f3b fizycznych w zwi\u0105zku z przetwarzaniem danych osobowych i w sprawie swobodnego przep\u0142ywu takich danych oraz uchylenia dyrektywy 96\/46\/WE (og\u00f3lne rozporz\u0105dzenie o ochronie danych osobowych \u2013 RODO; Dz.&hellip;","_links":{"self":[{"href":"https:\/\/energynat.trade\/en\/wp-json\/wp\/v2\/pages\/1333","targetHints":{"allow":["GET"]}}],"collection":[{"href":"https:\/\/energynat.trade\/en\/wp-json\/wp\/v2\/pages"}],"about":[{"href":"https:\/\/energynat.trade\/en\/wp-json\/wp\/v2\/types\/page"}],"author":[{"embeddable":true,"href":"https:\/\/energynat.trade\/en\/wp-json\/wp\/v2\/users\/1"}],"replies":[{"embeddable":true,"href":"https:\/\/energynat.trade\/en\/wp-json\/wp\/v2\/comments?post=1333"}],"version-history":[{"count":1,"href":"https:\/\/energynat.trade\/en\/wp-json\/wp\/v2\/pages\/1333\/revisions"}],"predecessor-version":[{"id":1334,"href":"https:\/\/energynat.trade\/en\/wp-json\/wp\/v2\/pages\/1333\/revisions\/1334"}],"wp:attachment":[{"href":"https:\/\/energynat.trade\/en\/wp-json\/wp\/v2\/media?parent=1333"}],"curies":[{"name":"wp","href":"https:\/\/api.w.org\/{rel}","templated":true}]}}